{"id":1917,"date":"2024-04-15T18:00:10","date_gmt":"2024-04-15T21:00:10","guid":{"rendered":"https:\/\/musicauno.com\/w\/?post_type=product&#038;p=1917"},"modified":"2024-04-15T21:26:31","modified_gmt":"2024-04-16T00:26:31","slug":"musica-sin-copyright","status":"publish","type":"product","link":"https:\/\/musicauno.com\/w\/product\/musica-sin-copyright\/","title":{"rendered":"MUSICA SIN COPYRIGHT"},"content":{"rendered":"<p><img decoding=\"async\" role=\"img\" class=\"emoji\" src=\"https:\/\/s.w.org\/images\/core\/emoji\/15.0.3\/svg\/2705.svg\" alt=\"&#x2705;\"> <strong>\u00a1<\/strong>Lanza tu Proyecto!<br \/>La m\u00fasica aumenta enormemente la efectividad de los videos corporativos, el cine y la publicidad; engancha al espectador y lo lleva de la mano.<br \/>Es capaz de transmitir todas las emociones humanas muy intensamente; ternura, desolaci\u00f3n, ansiedad, motivaci\u00f3n, felicidad, e incluso emociones dificiles de expresar con palabras.<br \/>Sabemos que elegir una obra musical para tu proyecto no es sencillo, pero queremos ponerte las cosas f\u00e1ciles.<br \/>Porque un buen tema puede catapultar tu v\u00eddeo y una mala elecci\u00f3n arruinarlo, nuestra selecci\u00f3n de obras ha sido creada con las mejores librer\u00edas de sonido del mercado para ofrecerte un sonido equilibrado y un toque profesional.<\/p>\n","protected":false},"excerpt":{"rendered":"<p><strong><img decoding=\"async\" role=\"img\" class=\"emoji\" src=\"https:\/\/s.w.org\/images\/core\/emoji\/15.0.3\/svg\/2728.svg\" alt=\"&#x2728;\"><\/strong> Descarga<br \/>Podr\u00e1s descargar la m\u00fasica en formato de alta calidad (mp3 320 o flac 1441 kbps)<\/p>\n<p><strong><img decoding=\"async\" role=\"img\" class=\"emoji\" src=\"https:\/\/s.w.org\/images\/core\/emoji\/15.0.3\/svg\/1f4c1.svg\" alt=\"&#x1f4c1;\"> <\/strong>MUSICA SIN COPYRIGHT &#8211; MUSICAUNO.COM (FLAC)<strong><br \/><img decoding=\"async\" role=\"img\" class=\"emoji\" src=\"https:\/\/s.w.org\/images\/core\/emoji\/15.0.3\/svg\/1f4c1.svg\" alt=\"&#x1f4c1;\"> <\/strong>MUSICA SIN COPYRIGHT &#8211; MUSICAUNO.COM (mp3)<\/p>\n","protected":false},"featured_media":1785,"template":"","meta":[],"product_brand":[],"product_cat":[520,523,522,524],"product_tag":[],"class_list":{"0":"post-1917","1":"product","2":"type-product","3":"status-publish","4":"has-post-thumbnail","6":"product_cat-flac","7":"product_cat-packs-djs","8":"product_cat-packs-radios","9":"product_cat-utilidades-radios","11":"first","12":"instock","13":"purchasable","14":"product-type-simple"},"_links":{"self":[{"href":"https:\/\/musicauno.com\/w\/wp-json\/wp\/v2\/product\/1917","targetHints":{"allow":["GET"]}}],"collection":[{"href":"https:\/\/musicauno.com\/w\/wp-json\/wp\/v2\/product"}],"about":[{"href":"https:\/\/musicauno.com\/w\/wp-json\/wp\/v2\/types\/product"}],"wp:featuredmedia":[{"embeddable":true,"href":"https:\/\/musicauno.com\/w\/wp-json\/wp\/v2\/media\/1785"}],"wp:attachment":[{"href":"https:\/\/musicauno.com\/w\/wp-json\/wp\/v2\/media?parent=1917"}],"wp:term":[{"taxonomy":"product_brand","embeddable":true,"href":"https:\/\/musicauno.com\/w\/wp-json\/wp\/v2\/product_brand?post=1917"},{"taxonomy":"product_cat","embeddable":true,"href":"https:\/\/musicauno.com\/w\/wp-json\/wp\/v2\/product_cat?post=1917"},{"taxonomy":"product_tag","embeddable":true,"href":"https:\/\/musicauno.com\/w\/wp-json\/wp\/v2\/product_tag?post=1917"}],"curies":[{"name":"wp","href":"https:\/\/api.w.org\/{rel}","templated":true}]}}